{"id":989,"date":"2020-10-24T15:17:57","date_gmt":"2020-10-24T18:17:57","guid":{"rendered":"http:\/\/ambientalintegra.com.br\/site\/?page_id=989"},"modified":"2020-11-09T08:45:37","modified_gmt":"2020-11-09T11:45:37","slug":"area-atuacao","status":"publish","type":"page","link":"https:\/\/ambientalintegra.com.br\/site\/area-atuacao\/","title":{"rendered":"\u00c1REA ATUA\u00c7\u00c3O"},"content":{"rendered":"<p>[vc_row full_width=&#8221;stretch_row&#8221; css=&#8221;.vc_custom_1603283082476{margin-top: 0px !important;padding-top: 20px !important;}&#8221;][vc_column][vc_column_text]<\/p>\n<h3>\u00c1REA ATUA\u00c7\u00c3O<\/h3>\n<p>Os servi\u00e7os desenvolvidos pela INTEGRA AMBIENTAL contribuem para a viabiliza\u00e7\u00e3o e valoriza\u00e7\u00e3o de projetos nos mais diversos segmentos.[\/vc_column_text][\/vc_column][\/vc_row][vc_row][vc_column parallax=&#8221;content-moving&#8221; width=&#8221;1\/2&#8243; css=&#8221;.vc_custom_1604922259402{margin-top: 40px !important;background-image: url(http:\/\/ambientalintegra.com.br\/site\/wp-content\/uploads\/2020\/10\/Screenshot_1.jpg?id=996) !important;background-position: center !important;background-repeat: no-repeat !important;background-size: cover !important;}&#8221; offset=&#8221;vc_hidden-sm vc_hidden-xs&#8221;][\/vc_column][vc_column width=&#8221;1\/2&#8243;]\n    <div class=\"accordion-wrapper\" id=\"accordion_69dfedeae6bbd\">\n\t    \n\t<div class=\"accordion-item\" id=\"accordion_item_69dfedeae6ca1\">\n\t\t<div class=\"item-head\">\n            <div class=\"item-title\">\n                <i class=\"fas fa-ship\"><\/i>\n                <span>Terminais de Transporte<\/span>\n            <\/div>\n\t\t\t<div class=\"item-icon\">\n                <i class=\"essentials krucial-essential-light-11-plus-big\"><\/i>\n            <\/div>\n\t\t<\/div>\n\t\t<div class=\"item-content\">\n\t\t\t\u2022 Portos;<br \/>\n\u2022 Aeroportos;<br \/>\n\u2022 Terminais Log\u00edsticos;<br \/>\n\u2022 Terminais Rodovi\u00e1rios de Cargas;<br \/>\n\u2022 Terminais Retroportu\u00e1rios;<br \/>\n\u2022 Transporte de Produtos Perigosos.\t\t<\/div>\n\t<\/div>\n\n\t\n\t<div class=\"accordion-item\" id=\"accordion_item_69dfedeae6ddf\">\n\t\t<div class=\"item-head\">\n            <div class=\"item-title\">\n                <i class=\"fas fa-gas-pump\"><\/i>\n                <span>Postos<\/span>\n            <\/div>\n\t\t\t<div class=\"item-icon\">\n                <i class=\"essentials krucial-essential-light-11-plus-big\"><\/i>\n            <\/div>\n\t\t<\/div>\n\t\t<div class=\"item-content\">\n\t\t\t\u2022 Postos de Combust\u00edveis;<br \/>\n\u2022 Tanques Aut\u00f4nomos de Combust\u00edveis;<br \/>\n\u2022 Transporte de Combust\u00edveis.\t\t<\/div>\n\t<\/div>\n\n\t\n\t<div class=\"accordion-item\" id=\"accordion_item_69dfedeae6e30\">\n\t\t<div class=\"item-head\">\n            <div class=\"item-title\">\n                <i class=\"fas fa-building\"><\/i>\n                <span>Comercial e Servi\u00e7os<\/span>\n            <\/div>\n\t\t\t<div class=\"item-icon\">\n                <i class=\"essentials krucial-essential-light-11-plus-big\"><\/i>\n            <\/div>\n\t\t<\/div>\n\t\t<div class=\"item-content\">\n\t\t\t\u2022 Madeireiras;<br \/>\n\u2022 Consult\u00f3rios;<br \/>\n\u2022 Hospitais;<br \/>\n\u2022 Servi\u00e7os de Funilaria e Pintura;<br \/>\n\u2022 Bares, Lanchonetes e Similares;<br \/>\n\u2022 Gr\u00e1ficas;<br \/>\n\u2022 Supermercados;<br \/>\n\u2022 Cemit\u00e9rios e Cremat\u00f3rios;<br \/>\n\u2022 Com\u00e9rcios de G\u00e1s;<br \/>\n\u2022 Oficinas Mec\u00e2nicas.\t\t<\/div>\n\t<\/div>\n\n\t\n\t<div class=\"accordion-item\" id=\"accordion_item_69dfedeae6ea6\">\n\t\t<div class=\"item-head\">\n            <div class=\"item-title\">\n                <i class=\"fas fa-industry\"><\/i>\n                <span>Infraestrutura<\/span>\n            <\/div>\n\t\t\t<div class=\"item-icon\">\n                <i class=\"essentials krucial-essential-light-11-plus-big\"><\/i>\n            <\/div>\n\t\t<\/div>\n\t\t<div class=\"item-content\">\n\t\t\t\u2022 Estradas;<br \/>\n\u2022 Canais;<br \/>\n\u2022 Ferrovias;<br \/>\n\u2022 Aterros Sanit\u00e1rios;<br \/>\n\u2022 Hidrovias;<br \/>\n\u2022 Terraplanagem;<br \/>\n\u2022 Drenagem;<br \/>\n\u2022 Dragagem;<br \/>\n\u2022 Marinas e Garagens N\u00e1uticas;<br \/>\n\u2022 PCH\u2019s;<br \/>\n\u2022 Subesta\u00e7\u00f5es;<br \/>\n\u2022 Saneamento.\t\t<\/div>\n\t<\/div>\n\n\t\n\t<div class=\"accordion-item\" id=\"accordion_item_69dfedeae6f27\">\n\t\t<div class=\"item-head\">\n            <div class=\"item-title\">\n                <i class=\"fas fa-user-tie\"><\/i>\n                <span>Industrial<\/span>\n            <\/div>\n\t\t\t<div class=\"item-icon\">\n                <i class=\"essentials krucial-essential-light-11-plus-big\"><\/i>\n            <\/div>\n\t\t<\/div>\n\t\t<div class=\"item-content\">\n\t\t\t\u2022 Ferramentaria e Usinagem;<br \/>\n\u2022 Ind\u00fastria T\u00eaxtil;<br \/>\n\u2022 Ind\u00fastria Aliment\u00edcia;<br \/>\n\u2022 Ind\u00fastria de Pl\u00e1sticos;<br \/>\n\u2022 Ind\u00fastria Metal Mec\u00e2nica;<br \/>\n\u2022 Fundi\u00e7\u00e3o;<br \/>\n\u2022 Ind\u00fastria Automotiva;<br \/>\n\u2022 F\u00e1bricas em Geral;<br \/>\n\u2022 Estamparia;<br \/>\n\u2022 Usinas de Asfalto e Concreto;<br \/>\n\u2022 Tratamento de Superf\u00edcie;<br \/>\n\u2022 Ind\u00fastria Qu\u00edmica em Geral;<br \/>\n\u2022 Agroind\u00fastria;<br \/>\n\u2022 Ind\u00fastria El\u00e9trica e de Comunica\u00e7\u00f5es;<br \/>\n\u2022 Ind\u00fastria Nava.\t\t<\/div>\n\t<\/div>\n\n\t\n\t<div class=\"accordion-item\" id=\"accordion_item_69dfedeae6fb6\">\n\t\t<div class=\"item-head\">\n            <div class=\"item-title\">\n                <i class=\"fas fa-hospital-alt\"><\/i>\n                <span>Constru\u00e7\u00e3o civ\u00edl<\/span>\n            <\/div>\n\t\t\t<div class=\"item-icon\">\n                <i class=\"essentials krucial-essential-light-11-plus-big\"><\/i>\n            <\/div>\n\t\t<\/div>\n\t\t<div class=\"item-content\">\n\t\t\t\u2022 Loteamentos;<br \/>\n\u2022 Condom\u00ednios verticais e horizontais;<br \/>\n\u2022 Edif\u00edcios comerciais;<br \/>\n\u2022 Shopping Centers;<br \/>\n\u2022 Galp\u00f5es e Condom\u00ednios Industriais.\t\t<\/div>\n\t<\/div>\n\n\t\n\t<div class=\"accordion-item\" id=\"accordion_item_69dfedeae700a\">\n\t\t<div class=\"item-head\">\n            <div class=\"item-title\">\n                <i class=\"fas fa-hand-paper\"><\/i>\n                <span>Acessoria<\/span>\n            <\/div>\n\t\t\t<div class=\"item-icon\">\n                <i class=\"essentials krucial-essential-light-11-plus-big\"><\/i>\n            <\/div>\n\t\t<\/div>\n\t\t<div class=\"item-content\">\n\t\t\t\u2022 Projeto de Sistemas de Tratamento<br \/>\nde Efluentes;<br \/>\n\u2022 Medi\u00e7\u00f5es e Laudos de Ru\u00eddo;<br \/>\n\u2022 Respostas de Of\u00edcios;<br \/>\n\u2022 Estudos de Viabilidade;<br \/>\n\u2022 Elabora\u00e7\u00e3o de Defesas;<br \/>\n\u2022 Acompanhamento de condicionantes;<br \/>\n\u2022 ISO 14001;<br \/>\n\u2022 Responsabilidade T\u00e9cnica;<br \/>\n\u2022 Invent\u00e1rio Florestal;<br \/>\n\u2022 Palestras;<br \/>\n\u2022 Treinamentos;<br \/>\n\u2022 Averba\u00e7\u00f5es;<br \/>\n\u2022 Monitoramentos Ambientais;<br \/>\n\u2022 PRAD\u2019s;<br \/>\n\u2022 Cadastro T\u00e9cnico Federal \u2013 IBAMA.\t\t<\/div>\n\t<\/div>\n\n\t    <\/div>\n\n\t[\/vc_column][\/vc_row]<\/p>\n","protected":false},"excerpt":{"rendered":"<p>[vc_row full_width=&#8221;stretch_row&#8221; css=&#8221;.vc_custom_1603283082476{margin-top: 0px !important;padding-top: 20px !important;}&#8221;][vc_column][vc_column_text] \u00c1REA ATUA\u00c7\u00c3O Os servi\u00e7os desenvolvidos pela INTEGRA AMBIENTAL&#8230;<\/p>\n","protected":false},"author":1,"featured_media":0,"parent":0,"menu_order":0,"comment_status":"closed","ping_status":"closed","template":"","meta":[],"_links":{"self":[{"href":"https:\/\/ambientalintegra.com.br\/site\/wp-json\/wp\/v2\/pages\/989"}],"collection":[{"href":"https:\/\/ambientalintegra.com.br\/site\/wp-json\/wp\/v2\/pages"}],"about":[{"href":"https:\/\/ambientalintegra.com.br\/site\/wp-json\/wp\/v2\/types\/page"}],"author":[{"embeddable":true,"href":"https:\/\/ambientalintegra.com.br\/site\/wp-json\/wp\/v2\/users\/1"}],"replies":[{"embeddable":true,"href":"https:\/\/ambientalintegra.com.br\/site\/wp-json\/wp\/v2\/comments?post=989"}],"version-history":[{"count":9,"href":"https:\/\/ambientalintegra.com.br\/site\/wp-json\/wp\/v2\/pages\/989\/revisions"}],"predecessor-version":[{"id":1011,"href":"https:\/\/ambientalintegra.com.br\/site\/wp-json\/wp\/v2\/pages\/989\/revisions\/1011"}],"wp:attachment":[{"href":"https:\/\/ambientalintegra.com.br\/site\/wp-json\/wp\/v2\/media?parent=989"}],"curies":[{"name":"wp","href":"https:\/\/api.w.org\/{rel}","templated":true}]}}