{"id":14,"date":"2018-09-12T06:37:18","date_gmt":"2018-09-12T06:37:18","guid":{"rendered":"http:\/\/levels.krucialthemes.com\/demo1\/?page_id=14"},"modified":"2020-10-21T09:53:41","modified_gmt":"2020-10-21T12:53:41","slug":"empresa","status":"publish","type":"page","link":"https:\/\/ambientalintegra.com.br\/site\/empresa\/","title":{"rendered":"EMPRESA"},"content":{"rendered":"<p>[vc_row full_width=&#8221;stretch_row&#8221; css=&#8221;.vc_custom_1603283082476{margin-top: 0px !important;padding-top: 20px !important;}&#8221;][vc_column][vc_column_text]<\/p>\n<h3>INTEGRA SERVI\u00c7OS AMBIENTAIS<\/h3>\n<h3>Solu\u00e7\u00f5es Integradas de Coleta e Gerenciamento de Res\u00edduos<\/h3>\n<p>Empresa ambientalmente correta com vasta experi\u00eancia operacional na \u00e1rea de coleta, transporte e destina\u00e7\u00e3o final de res\u00edduos, aliada a excel\u00eancia na execu\u00e7\u00e3o de servi\u00e7os de consultoria ambiental, que busca proporcionar solu\u00e7\u00f5es integradas visando atender as normas ambientais e buscando constantemente a excel\u00eancia e a melhoria continua de suas atividades, sediada estrategicamente no munic\u00edpio de Linhares\/ES.<\/p>\n<p>A empresa presta servi\u00e7os de gest\u00e3o ambiental com qualidade e efici\u00eancia e, por esse motivo, \u00e9 refer\u00eancia no segmento de mercado. Al\u00e9m disso, a INTEGRA SERVI\u00c7OS AMBIENTAIS tem como principal miss\u00e3o a transpar\u00eancia com cada um de seus clientes, com um atendimento de qualidade e garantia de todas as suas atividades.[\/vc_column_text][\/vc_column][\/vc_row][vc_row][vc_column width=&#8221;1\/3&#8243;][vc_column_text]<img loading=\"lazy\" class=\"alignnone size-medium wp-image-942\" src=\"http:\/\/ambientalintegra.com.br\/site\/wp-content\/uploads\/2020\/10\/imagem-300x280.png\" alt=\"\" width=\"300\" height=\"280\" srcset=\"https:\/\/ambientalintegra.com.br\/site\/wp-content\/uploads\/2020\/10\/imagem-300x280.png 300w, https:\/\/ambientalintegra.com.br\/site\/wp-content\/uploads\/2020\/10\/imagem.png 500w\" sizes=\"(max-width: 300px) 100vw, 300px\" \/>[\/vc_column_text][\/vc_column][vc_column width=&#8221;2\/3&#8243;][vc_column_text]<\/p>\n<h5>MISS\u00c3O<\/h5>\n<p>Prover solu\u00e7\u00f5es sustent\u00e1veis customizadas para cada cliente requer acompanhamento ambiental cont\u00ednuo, tornando a empresa 100% licenciada pelos \u00f3rg\u00e3os ambientais competentes, aliado \u00e0 aplica\u00e7\u00e3o de um r\u00edgido controle ambiental em sua opera\u00e7\u00e3o.<\/p>\n<h5>\u00a0VIS\u00c3O<\/h5>\n<p>Ser a melhor refer\u00eancia em solu\u00e7\u00f5es ambientais contribuindo de maneira significativa para a melhora dos aspectos sustent\u00e1veis nas opera\u00e7\u00f5es de cada cliente<\/p>\n<h5>VALORES<\/h5>\n<p>Combinar solu\u00e7\u00f5es integradas no\u00a0Atendimento ao Cliente, para promover a seguran\u00e7a, conformidade e solu\u00e7\u00f5es de gerenciamento de risco para os nossos clientes.[\/vc_column_text][\/vc_column][\/vc_row][vc_row][vc_column][vc_column_text]<\/p>\n<h3>Gerenciamento Integrado de Res\u00edduos S\u00f3lidos<\/h3>\n<p>Composto por uma frota totalmente licenciada pelos principais \u00f3rg\u00e3os ambientais do Brasil, a INTEGRA SERVI\u00c7OS AMBIENTAIS, possui em seu quadro de colaboradores, profissionais \u00e9ticos, que executam suas atividades com total seguran\u00e7a visando a preserva\u00e7\u00e3o ambiental.<\/p>\n<p>Executamos o total gerenciamento de res\u00edduos, desde a coleta dos res\u00edduos, transporte e a sua destina\u00e7\u00e3o final, se destacando tamb\u00e9m na execu\u00e7\u00e3o de projetos e assessoria ambiental e destrui\u00e7\u00e3o de documentos confidencias:[\/vc_column_text][\/vc_column][\/vc_row][vc_row][vc_column width=&#8221;1\/3&#8243;]\n    <div class=\"icon-box large rounded center-align icon-top\" id=\"icon_box_69dff44a0b04c\">\n        <div class=\"icon-box-icon\">\n            <i class=\"fas fa-truck\"><\/i>\n        <\/div>\n        <div class=\"icon-content\">\n            <div class=\"icon-box-title\">Coleta e Transporte de Res\u00edduos<\/div>\n            <div class=\"icon-box-text\">Em conformidade com as exig\u00eancias dos \u00f3rg\u00e3os competentes aliada com a estrutura adequada, a Integra coleta, transporte e a destina\u00e7\u00e3o correta de res\u00edduos Classe I (perigosos) e Classe II (n\u00e3o perigosos) em industrias, com\u00e9rcios e resid\u00eancias.<\/div>\n        <\/div>\n    <\/div>\n\n\t[\/vc_column][vc_column width=&#8221;1\/3&#8243;]\n    <div class=\"icon-box large rounded center-align icon-top\" id=\"icon_box_69dff44a0b08b\">\n        <div class=\"icon-box-icon\">\n            <i class=\"fas fa-recycle\"><\/i>\n        <\/div>\n        <div class=\"icon-content\">\n            <div class=\"icon-box-title\">Projetos e Assessoria Ambiental<\/div>\n            <div class=\"icon-box-text\">Os projetos ambientais tem como objetivo promover equil\u00edbrio entra a produtividade nos empreendimentos e a preserva\u00e7\u00e3o do meio ambiente com a utiliza\u00e7\u00e3o racional dos recursos naturais.<\/div>\n        <\/div>\n    <\/div>\n\n\t[\/vc_column][vc_column width=&#8221;1\/3&#8243;]\n    <div class=\"icon-box large rounded center-align icon-top\" id=\"icon_box_69dff44a0b0b3\">\n        <div class=\"icon-box-icon\">\n            <i class=\"essentials krucial-document-remove\"><\/i>\n        <\/div>\n        <div class=\"icon-content\">\n            <div class=\"icon-box-title\">Destrui\u00e7\u00e3o de Documentos Confidenciais<\/div>\n            <div class=\"icon-box-text\">Com o objetivo de preservar a seguran\u00e7a institucional de seus clientes, a Integra realiza a descaracteriza\u00e7\u00e3o de materiais. Livros, embalagens, encartes e documentos sigilosos s\u00e3o coletados e descaracterizados com o m\u00ednimo de interven\u00e7\u00e3o humana, com a garantia de prote\u00e7\u00e3o total de seus conte\u00fados.<\/div>\n        <\/div>\n    <\/div>\n\n\t[\/vc_column][\/vc_row]<\/p>\n","protected":false},"excerpt":{"rendered":"<p>[vc_row full_width=&#8221;stretch_row&#8221; css=&#8221;.vc_custom_1603283082476{margin-top: 0px !important;padding-top: 20px !important;}&#8221;][vc_column][vc_column_text] INTEGRA SERVI\u00c7OS AMBIENTAIS Solu\u00e7\u00f5es Integradas de Coleta e&#8230;<\/p>\n","protected":false},"author":1,"featured_media":0,"parent":0,"menu_order":0,"comment_status":"closed","ping_status":"closed","template":"","meta":[],"_links":{"self":[{"href":"https:\/\/ambientalintegra.com.br\/site\/wp-json\/wp\/v2\/pages\/14"}],"collection":[{"href":"https:\/\/ambientalintegra.com.br\/site\/wp-json\/wp\/v2\/pages"}],"about":[{"href":"https:\/\/ambientalintegra.com.br\/site\/wp-json\/wp\/v2\/types\/page"}],"author":[{"embeddable":true,"href":"https:\/\/ambientalintegra.com.br\/site\/wp-json\/wp\/v2\/users\/1"}],"replies":[{"embeddable":true,"href":"https:\/\/ambientalintegra.com.br\/site\/wp-json\/wp\/v2\/comments?post=14"}],"version-history":[{"count":9,"href":"https:\/\/ambientalintegra.com.br\/site\/wp-json\/wp\/v2\/pages\/14\/revisions"}],"predecessor-version":[{"id":955,"href":"https:\/\/ambientalintegra.com.br\/site\/wp-json\/wp\/v2\/pages\/14\/revisions\/955"}],"wp:attachment":[{"href":"https:\/\/ambientalintegra.com.br\/site\/wp-json\/wp\/v2\/media?parent=14"}],"curies":[{"name":"wp","href":"https:\/\/api.w.org\/{rel}","templated":true}]}}