{"id":1030,"date":"2020-11-22T07:27:51","date_gmt":"2020-11-22T10:27:51","guid":{"rendered":"http:\/\/ambientalintegra.com.br\/site\/?page_id=1030"},"modified":"2020-11-22T08:24:19","modified_gmt":"2020-11-22T11:24:19","slug":"gestao-ambiental","status":"publish","type":"page","link":"https:\/\/ambientalintegra.com.br\/site\/gestao-ambiental\/","title":{"rendered":"GEST\u00c3O AMBIENTAL"},"content":{"rendered":"<p>[vc_row full_width=&#8221;stretch_row&#8221; css=&#8221;.vc_custom_1603283082476{margin-top: 0px !important;padding-top: 20px !important;}&#8221;][vc_column][vc_column_text]<\/p>\n<h3>Seu empreendimento em conformidade com a Legisla\u00e7\u00e3o Ambiental<\/h3>\n<p>[\/vc_column_text][vc_row_inner][vc_column_inner el_class=&#8221;icons-gestao&#8221; width=&#8221;1\/2&#8243;]\n    <div class=\"icon-box large square left-align icon-left bg-disabled\" id=\"icon_box_69dfefe01e22c\">\n        <div class=\"icon-box-icon\">\n            <i class=\"fas fa-calendar-check\"><\/i>\n        <\/div>\n        <div class=\"icon-content\">\n            <div class=\"icon-box-title\">Projetos e Assessoria Ambiental<\/div>\n            <div class=\"icon-box-text\">Elabora\u00e7\u00e3o de Estudos e Projetos Ambientais, visando realizar o acompanhamento de atividades que utilizem recursos naturais.<\/div>\n        <\/div>\n    <\/div>\n\n\t[\/vc_column_inner][vc_column_inner el_class=&#8221;icons-gestao&#8221; width=&#8221;1\/2&#8243;]\n    <div class=\"icon-box large square left-align icon-left bg-disabled\" id=\"icon_box_69dfefe01e26f\">\n        <div class=\"icon-box-icon\">\n            <i class=\"fas fa-tree\"><\/i>\n        <\/div>\n        <div class=\"icon-content\">\n            <div class=\"icon-box-title\">Educa\u00e7\u00e3o Ambiental<\/div>\n            <div class=\"icon-box-text\">Elabora\u00e7\u00e3o e Execu\u00e7\u00e3o de Programas de Educa\u00e7\u00e3o Ambiental.<\/div>\n        <\/div>\n    <\/div>\n\n\t[\/vc_column_inner][\/vc_row_inner][vc_row_inner][vc_column_inner el_class=&#8221;icons-gestao&#8221; width=&#8221;1\/2&#8243;]\n    <div class=\"icon-box large square left-align icon-left bg-disabled\" id=\"icon_box_69dfefe01e294\">\n        <div class=\"icon-box-icon\">\n            <i class=\"fas fa-bolt\"><\/i>\n        <\/div>\n        <div class=\"icon-content\">\n            <div class=\"icon-box-title\">Assessoria Jur\u00eddica Ambiental<\/div>\n            <div class=\"icon-box-text\">Assessoria Jur\u00eddica para atendimento a notifica\u00e7\u00f5es em Conformidade e Responsabilidade Ambiental de Empresas<\/div>\n        <\/div>\n    <\/div>\n\n\t[\/vc_column_inner][vc_column_inner el_class=&#8221;icons-gestao&#8221; width=&#8221;1\/2&#8243;]\n    <div class=\"icon-box large square left-align icon-left bg-disabled\" id=\"icon_box_69dfefe01e2bb\">\n        <div class=\"icon-box-icon\">\n            <i class=\"fas fa-boxes\"><\/i>\n        <\/div>\n        <div class=\"icon-content\">\n            <div class=\"icon-box-title\">Elabora\u00e7\u00e3o e Execu\u00e7\u00e3o de Projetos Ambientais<\/div>\n            <div class=\"icon-box-text\">Projetos e Gest\u00e3o Ambiental para Propriedades Rurais, Industrias, Com\u00e9rcio e Servi\u00e7os.<\/div>\n        <\/div>\n    <\/div>\n\n\t[\/vc_column_inner][\/vc_row_inner][\/vc_column][vc_column][\/vc_column][\/vc_row][vc_row full_width=&#8221;stretch_row&#8221; css=&#8221;.vc_custom_1606042423923{background: #dd9933 url(http:\/\/ambientalintegra.com.br\/site\/wp-content\/uploads\/2020\/11\/fundo-gestao.jpg?id=1053) !important;background-position: center !important;background-repeat: no-repeat !important;background-size: cover !important;}&#8221;][vc_column][vc_column_text]<\/p>\n<h3 style=\"text-align: center; color: #fff;\">LICEN\u00c7AS AMBIENTAIS<\/h3>\n<p>[\/vc_column_text][vc_row_inner][vc_column_inner][vc_column_text]<\/p>\n<div style=\"color: white;\">Existem tr\u00eas modalidades de licen\u00e7as ambientais (licen\u00e7a pr\u00e9via, instala\u00e7\u00e3o e opera\u00e7\u00e3o) que controlam os par\u00e2metros ambientais desde o planejamento at\u00e9 a execu\u00e7\u00e3o da atividade.<\/div>\n<p>[\/vc_column_text][\/vc_column_inner][\/vc_row_inner][vc_row_inner][vc_column_inner width=&#8221;1\/3&#8243;][vc_column_text]<\/p>\n<div style=\"font-size: 20px; width: 100%; background: #619E7A; color: #fff; text-align: center; padding: 10px; margin-bottom: 20px;\">Licen\u00e7a Pr\u00e9via (LP)<\/div>\n<p style=\"text-align: justify; color: #fff;\">Existem tr\u00eas modalidades de licen\u00e7as ambientais (licen\u00e7a pr\u00e9via, instala\u00e7\u00e3o e opera\u00e7\u00e3o) que controlam os par\u00e2metros ambientais desde o planejamento at\u00e9 a execu\u00e7\u00e3o da atividade.<\/p>\n<p>[\/vc_column_text][\/vc_column_inner][vc_column_inner width=&#8221;1\/3&#8243;][vc_column_text]<\/p>\n<div style=\"font-size: 20px; width: 100%; background: #619E7A; color: #fff; text-align: center; padding: 10px; margin-bottom: 20px;\">Licen\u00e7a de Instala\u00e7\u00e3o (LI)<\/div>\n<p style=\"text-align: justify; color: #fff;\">Autoriza a instala\u00e7\u00e3o do empreendimento ou atividade de acordo com as especifica\u00e7\u00f5es constantes dos planos, programas e projetos aprovados, incluindo as medidas de controles ambientais e demais condicionantes, da qual constituem motivo determinante.<\/p>\n<p>[\/vc_column_text][\/vc_column_inner][vc_column_inner width=&#8221;1\/3&#8243;][vc_column_text]<\/p>\n<div style=\"font-size: 20px; width: 100%; background: #619E7A; color: #fff; text-align: center; padding: 10px; margin-bottom: 20px;\">Licen\u00e7a de Opera\u00e7\u00e3o (LO)<\/div>\n<p style=\"text-align: justify; color: #fff;\">Autoriza a opera\u00e7\u00e3o da atividade ou empreendimento, ap\u00f3s a verifica\u00e7\u00e3o do efetivo cumprimento do que consta das licen\u00e7as anteriores, com as medidas de controles ambientais e condicionantes determinados para a opera\u00e7\u00e3o.<\/p>\n<p>[\/vc_column_text][\/vc_column_inner][\/vc_row_inner][vc_row_inner][vc_column_inner][vc_column_text]<\/p>\n<h3 style=\"text-align: left; color: #fff;\">Condicionantes Ambientais<\/h3>\n<p style=\"text-align: justif; color: #fff;\">Na emiss\u00e3o de licen\u00e7as ambientais, os \u00f3rg\u00e3os estabelecem condi\u00e7\u00f5es para relacionadas ao empreendimento (nas fases de projeto, implanta\u00e7\u00e3o e opera\u00e7\u00e3o) provoquem o m\u00ednimo de impactos ambientais poss\u00edveis. Em conjunto, estas condi\u00e7\u00f5es s\u00e3o conhecidas como condicionadores e, caso n\u00e3o obedecidas, a licen\u00e7a ambiental concedida pode ser revogada.<\/p>\n<p>[\/vc_column_text][\/vc_column_inner][\/vc_row_inner][\/vc_column][\/vc_row][vc_row][vc_column][vc_column_text]<\/p>\n<h3>Licenciamento Ambiental<\/h3>\n<p><img loading=\"lazy\" class=\"size-medium wp-image-1055 alignright\" src=\"http:\/\/ambientalintegra.com.br\/site\/wp-content\/uploads\/2020\/11\/casa-verde-300x236.jpg\" alt=\"\" width=\"300\" height=\"236\" srcset=\"https:\/\/ambientalintegra.com.br\/site\/wp-content\/uploads\/2020\/11\/casa-verde-300x236.jpg 300w, https:\/\/ambientalintegra.com.br\/site\/wp-content\/uploads\/2020\/11\/casa-verde.jpg 505w\" sizes=\"(max-width: 300px) 100vw, 300px\" \/><\/p>\n<ul>\n<li>O licenciamento ambiental \u00e9 um processo administrativo pelo qual o \u00f3rg\u00e3o ambiental autoriza a localiza\u00e7\u00e3o, instala\u00e7\u00e3o, opera\u00e7\u00e3o e amplia\u00e7\u00e3o de empreendimentos, com o objetivo final de promover o desenvolvimento sustent\u00e1vel.<\/li>\n<li>Conforme a Lei Federal n\u00ba 6.938\/1981, que institui a Pol\u00edtica Nacional de Meio Ambiente, que necessitam de Licenciamento Ambiental todos os empreendimentos que possuem atividades utilizadoras de recursos ambientais, consideradas efetiva ou potencialmente poluidoras ou daquelas que, sob qualquer forma, possam causar degrada\u00e7\u00e3o ambiental.<\/li>\n<\/ul>\n<p>[\/vc_column_text][\/vc_column][\/vc_row][vc_row css=&#8221;.vc_custom_1606043617028{margin-top: 20px !important;}&#8221;][vc_column][vc_column_text]<\/p>\n<h2>Elabora\u00e7\u00e3o e Execu\u00e7\u00e3o de Projetos Ambientais<\/h2>\n<p><img loading=\"lazy\" class=\" wp-image-1017 alignright\" src=\"http:\/\/ambientalintegra.com.br\/site\/wp-content\/uploads\/2020\/11\/img1-300x260.jpg\" alt=\"\" width=\"428\" height=\"371\" srcset=\"https:\/\/ambientalintegra.com.br\/site\/wp-content\/uploads\/2020\/11\/img1-300x260.jpg 300w, https:\/\/ambientalintegra.com.br\/site\/wp-content\/uploads\/2020\/11\/img1.jpg 601w\" sizes=\"(max-width: 428px) 100vw, 428px\" \/><\/p>\n<ul>\n<li>Plano de Controle Ambiental (PCA)<\/li>\n<li>Plano de Gerenciamento &#8211; Res\u00edduos S\u00f3lidos (PGRS)<\/li>\n<li>Plano de Gerenciamento &#8211; Res\u00edduos do Servi\u00e7o de Sa\u00fade (PGRSS)<\/li>\n<li>Plano de Gerenciamento &#8211; Constru\u00e7\u00e3o Civil (PGRCC)<\/li>\n<li>Layout e Infra Estrutura &#8211; Canteiro de Obras<\/li>\n<li>Cadastro T\u00e9cnico Federal \u2013 CTF\/RAP Ibama<\/li>\n<li>Plano Recupera\u00e7\u00e3o \u2013 PRAD<\/li>\n<li>Estudo de Impacto Vizinhan\u00e7a &#8211; EIV<\/li>\n<li>Cadastro Ambiental Rural &#8211; CAR<\/li>\n<li>Cadastro de Po\u00e7os Artesianos &#8211; AGERH<\/li>\n<\/ul>\n<p>[\/vc_column_text][\/vc_column][\/vc_row][vc_row][vc_column][vc_column_text]<\/p>\n<h2>Assessoria Jur\u00eddica Ambiental<\/h2>\n<p>&nbsp;<\/p>\n<p><img loading=\"lazy\" class=\" wp-image-1021 alignleft\" src=\"http:\/\/ambientalintegra.com.br\/site\/wp-content\/uploads\/2020\/11\/img2-300x240.jpg\" alt=\"\" width=\"428\" height=\"371\" \/><\/p>\n<ul>\n<li>Apoio jur\u00eddico completo em temas relacionados \u00e0 legisla\u00e7\u00e3o ambiental.<\/li>\n<li>Suporte jur\u00eddico para obten\u00e7\u00e3o e renova\u00e7\u00e3o de licen\u00e7as ambientais<\/li>\n<li>Auditoria para controle de atividade potencialmente poluidoras<\/li>\n<li>Assessoria na celebra\u00e7\u00e3o de Termos de Ajustes de Conduta -TAC<\/li>\n<li>Assessoria na celebra\u00e7\u00e3o de Termos de Compromisso Ambiental \u2013 TCA<\/li>\n<li>Assessoria em negocia\u00e7\u00f5es com os \u00f3rg\u00e3os ambientais e Minist\u00e9rio P\u00fablico<\/li>\n<li>Assessoria jur\u00eddica ambiental preventiva e corretiva<\/li>\n<li>An\u00e1lise de conformidade legal ambiental e implementa\u00e7\u00e3o de pr\u00e1ticas corretivas e preventivas<\/li>\n<li>Orienta\u00e7\u00e3o para o enfrentamento de acidentes ambientais e estrat\u00e9gias de comunica\u00e7\u00e3o<\/li>\n<\/ul>\n<p>[\/vc_column_text][\/vc_column][\/vc_row][vc_row][vc_column][vc_column_text]<\/p>\n<h2>Educa\u00e7\u00e3o Ambiental<\/h2>\n<p><img loading=\"lazy\" class=\" wp-image-1017 alignright\" src=\"http:\/\/ambientalintegra.com.br\/site\/wp-content\/uploads\/2020\/11\/img1-300x260.jpg\" alt=\"\" width=\"428\" height=\"371\" srcset=\"https:\/\/ambientalintegra.com.br\/site\/wp-content\/uploads\/2020\/11\/img1-300x260.jpg 300w, https:\/\/ambientalintegra.com.br\/site\/wp-content\/uploads\/2020\/11\/img1.jpg 601w\" sizes=\"(max-width: 428px) 100vw, 428px\" \/><\/p>\n<ul>\n<li>Projetos de Educa\u00e7\u00e3o Ambiental (PEA)<\/li>\n<li>Plano de Comunica\u00e7\u00e3o Social (PCS)<\/li>\n<li>Projeto de Educa\u00e7\u00e3o Ambiental para Trabalhadores (PEAT)<\/li>\n<li>Implementa\u00e7\u00e3o de Sistemas de Gest\u00e3o Ambiental<\/li>\n<li>Implanta\u00e7\u00e3o de Programas de Gerenciamento de Res\u00edduos<\/li>\n<li>Implanta\u00e7\u00e3o de Programas de Coleta Seletiva<\/li>\n<li>Treinamento para atendimento as condicionantes ambientais<\/li>\n<li>Projeto de otimiza\u00e7\u00e3o\/minimiza\u00e7\u00e3o de res\u00edduos<\/li>\n<\/ul>\n<p>[\/vc_column_text][\/vc_column][\/vc_row][vc_row full_width=&#8221;stretch_row&#8221; css=&#8221;.vc_custom_1606044111413{background-color: #d6d6d6 !important;}&#8221;][vc_column][vc_column_text]<\/p>\n<h3 style=\"text-align: center;\">PRECISANDO ADEQUAR SUA EMPRESA AS NORMAS AMBIENTAIS ?<\/h3>\n<h1 style=\"text-align: center;\"><i>N\u00f3s temos a solu\u00e7\u00e3o correta !<\/i><\/h1>\n<p style=\"text-align: center;\"><a style=\"background-color: #4caf50; border: none; color: white; padding: 15px 32px; text-align: center; text-decoration: none; display: inline-block; font-size: 16px; margin: 4px 2px; cursor: pointer;\">SOLICITE UM OR\u00c7AMENTO<\/a><\/p>\n<p>[\/vc_column_text][\/vc_column][\/vc_row]<\/p>\n","protected":false},"excerpt":{"rendered":"<p>[vc_row full_width=&#8221;stretch_row&#8221; css=&#8221;.vc_custom_1603283082476{margin-top: 0px !important;padding-top: 20px !important;}&#8221;][vc_column][vc_column_text] Seu empreendimento em conformidade com a Legisla\u00e7\u00e3o Ambiental&#8230;<\/p>\n","protected":false},"author":1,"featured_media":0,"parent":0,"menu_order":0,"comment_status":"closed","ping_status":"closed","template":"","meta":[],"_links":{"self":[{"href":"https:\/\/ambientalintegra.com.br\/site\/wp-json\/wp\/v2\/pages\/1030"}],"collection":[{"href":"https:\/\/ambientalintegra.com.br\/site\/wp-json\/wp\/v2\/pages"}],"about":[{"href":"https:\/\/ambientalintegra.com.br\/site\/wp-json\/wp\/v2\/types\/page"}],"author":[{"embeddable":true,"href":"https:\/\/ambientalintegra.com.br\/site\/wp-json\/wp\/v2\/users\/1"}],"replies":[{"embeddable":true,"href":"https:\/\/ambientalintegra.com.br\/site\/wp-json\/wp\/v2\/comments?post=1030"}],"version-history":[{"count":11,"href":"https:\/\/ambientalintegra.com.br\/site\/wp-json\/wp\/v2\/pages\/1030\/revisions"}],"predecessor-version":[{"id":1058,"href":"https:\/\/ambientalintegra.com.br\/site\/wp-json\/wp\/v2\/pages\/1030\/revisions\/1058"}],"wp:attachment":[{"href":"https:\/\/ambientalintegra.com.br\/site\/wp-json\/wp\/v2\/media?parent=1030"}],"curies":[{"name":"wp","href":"https:\/\/api.w.org\/{rel}","templated":true}]}}