{"id":1014,"date":"2020-11-09T10:12:33","date_gmt":"2020-11-09T13:12:33","guid":{"rendered":"http:\/\/ambientalintegra.com.br\/site\/?page_id=1014"},"modified":"2020-11-09T10:12:33","modified_gmt":"2020-11-09T13:12:33","slug":"servicos","status":"publish","type":"page","link":"https:\/\/ambientalintegra.com.br\/site\/servicos\/","title":{"rendered":"SERVI\u00c7OS"},"content":{"rendered":"<p>[vc_row full_width=&#8221;stretch_row&#8221; css=&#8221;.vc_custom_1603283082476{margin-top: 0px !important;padding-top: 20px !important;}&#8221;][vc_column][vc_column_text]<\/p>\n<h3>SERVI\u00c7OS<\/h3>\n<p>Os servi\u00e7os desenvolvidos pela INTEGRA AMBIENTAL contribuem para a viabiliza\u00e7\u00e3o e valoriza\u00e7\u00e3o de projetos nos mais diversos segmentos.[\/vc_column_text][\/vc_column][\/vc_row][vc_row][vc_column][vc_column_text]<\/p>\n<h2>Coleta de Res\u00edduos de Sa\u00fade<\/h2>\n<p><img loading=\"lazy\" class=\" wp-image-1017 alignright\" src=\"http:\/\/ambientalintegra.com.br\/site\/wp-content\/uploads\/2020\/11\/img1-300x260.jpg\" alt=\"\" width=\"428\" height=\"371\" srcset=\"https:\/\/ambientalintegra.com.br\/site\/wp-content\/uploads\/2020\/11\/img1-300x260.jpg 300w, https:\/\/ambientalintegra.com.br\/site\/wp-content\/uploads\/2020\/11\/img1.jpg 601w\" sizes=\"(max-width: 428px) 100vw, 428px\" \/><\/p>\n<p>Atrav\u00e9s da coleta e transporte dos Res\u00edduos do servi\u00e7o de Sa\u00fade (RSS) a Integra Servi\u00e7os Ambientais atende todos os geradores de res\u00edduos, como hospitais, laborat\u00f3rios, drogarias, farm\u00e1cias, consult\u00f3rios odontol\u00f3gicos, cl\u00ednicas m\u00e9dicas, cl\u00ednicas de est\u00e9tica, cl\u00ednicas veterin\u00e1rias, sal\u00e3o de beleza, funer\u00e1rias, dentre outros prestadores de servi\u00e7os a sa\u00fade humana e animal.[\/vc_column_text][vc_column_text]A qualidade do servi\u00e7o prestado \u00e9 primordial para nossa empresa, por isso, nossos motoristas s\u00e3o devidamente treinados e capacitados para manusear corretamente os res\u00edduos de sa\u00fade.<\/p>\n<p>A Integra Servi\u00e7os Ambientais \u00e9 especializada no servi\u00e7o de coleta de Res\u00edduos de Servi\u00e7os de Sa\u00fade, sendo classificados, conforme RDC Anvisa n\u00ba 222\/2018:<\/p>\n<ul>\n<li>Grupo A &#8211; Infectantes;<\/li>\n<li>Grupo B &#8211; Qu\u00edmicos;<\/li>\n<li>Grupo D &#8211; Comuns;<\/li>\n<li>Grupo E &#8211; Perfurocortantes.<\/li>\n<\/ul>\n<p>Emitimos todos os certificados e manifestos de transporte de res\u00edduos obrigat\u00f3rios (MTR), garantindo a total rastreabilidade dos res\u00edduos.[\/vc_column_text][\/vc_column][\/vc_row][vc_row][vc_column][vc_column_text]<\/p>\n<h2>Coleta de Res\u00edduos Perigosos (Classe I)<\/h2>\n<p>&nbsp;<\/p>\n<p><img loading=\"lazy\" class=\" wp-image-1021 alignleft\" src=\"http:\/\/ambientalintegra.com.br\/site\/wp-content\/uploads\/2020\/11\/img2-300x240.jpg\" alt=\"\" width=\"428\" height=\"371\" \/>A coleta de res\u00edduos perigosos \u00e9 realizada pela <strong>Integra Servi\u00e7os Ambientais<\/strong>, por meio de ve\u00edculos pr\u00f3prios e adequados para cada tipo de res\u00edduo e suas caracter\u00edsticas.<\/p>\n<p>Os motoristas s\u00e3o capacitados com o Curso Movimenta\u00e7\u00e3o de Produtos Perigosos (MOPP) e os ajudantes s\u00e3o treinados para atendimento a Emerg\u00eancias e portam os EPIs conforme Programa de Preven\u00e7\u00e3o de Riscos Ambientais.<\/p>\n<p>Fazer sua empresa crescer com sustentabilidade e ser reconhecida por sua responsabilidade social e ambiental s\u00e3o nossos objetivos. Para isso, a coleta dos res\u00edduos industriais \u00e9 realizada por profissionais treinados e ve\u00edculos licenciados.<\/p>\n<p>Acreditamos na qualidade do servi\u00e7o dos profissionais, aproveitando o potencial humano, o conhecimento e os valores \u00e9ticos e morais de cada colaborador, que comp\u00f5e a nossa equipe.[\/vc_column_text][vc_column_text]O processo de coleta de res\u00edduos perigosos possui um r\u00edgido controle documental em todas as etapas, desde sua origem at\u00e9 a disposi\u00e7\u00e3o final, a fim de promover os servi\u00e7os de gerenciamento de res\u00edduos com excel\u00eancia.<\/p>\n<p>Com uma robusta experi\u00eancia oferecemos um sistema de coleta de res\u00edduos, contemplando:<\/p>\n<ul>\n<li>Panos e estopas contaminadas<\/li>\n<li>Embalagens de lubrificantes<\/li>\n<li>Filtros de \u00f3leo<\/li>\n<li>EPIs contaminados<\/li>\n<li>Pe\u00e7as automotivas<\/li>\n<li>L\u00e2mpadas Fluorescentes<\/li>\n<li>Pilhas e Baterias<\/li>\n<\/ul>\n<p>[\/vc_column_text][\/vc_column][\/vc_row][vc_row][vc_column][vc_column_text]<\/p>\n<h2>Coleta de Res\u00edduos Recicl\u00e1veis<\/h2>\n<p><img loading=\"lazy\" class=\" wp-image-1017 alignright\" src=\"http:\/\/ambientalintegra.com.br\/site\/wp-content\/uploads\/2020\/11\/img1-300x260.jpg\" alt=\"\" width=\"428\" height=\"371\" srcset=\"https:\/\/ambientalintegra.com.br\/site\/wp-content\/uploads\/2020\/11\/img1-300x260.jpg 300w, https:\/\/ambientalintegra.com.br\/site\/wp-content\/uploads\/2020\/11\/img1.jpg 601w\" sizes=\"(max-width: 428px) 100vw, 428px\" \/><\/p>\n<p>A coleta de res\u00edduos recicl\u00e1veis \u00e9 realizada pela <strong>Integra Servi\u00e7os Ambientais<\/strong>, por meio de ve\u00edculos pr\u00f3prios e adequados para cada tipo de res\u00edduo e suas caracter\u00edsticas.<\/p>\n<p>Todo o res\u00edduo recicl\u00e1vel \u00e9 capaz de passar pelo processo de transforma\u00e7\u00e3o. Nesse processo o res\u00edduo pode voltar para o seu estado original ou se transformar em outro produto. Visando facilitar a armazenagem os res\u00edduos devem ser separados atrav\u00e9s das cores. No Brasil as cores possuem as seguintes classifica\u00e7\u00f5es:[\/vc_column_text][vc_column_text]<\/p>\n<ul>\n<li>Azul: papel\/papel\u00e3o<\/li>\n<li>Vermelho: pl\u00e1stico<\/li>\n<li>Verde: vidro<\/li>\n<li>Amarelo: metal<\/li>\n<li>Preto: madeira<\/li>\n<li>Laranja: res\u00edduos perigosos<\/li>\n<li>Marrom: res\u00edduos org\u00e2nicos<\/li>\n<li>Cinza: res\u00edduo geral n\u00e3o recicl\u00e1vel<\/li>\n<\/ul>\n<p>Para o correto armazenamento n\u00e3o misture os res\u00edduos recicl\u00e1veis com os org\u00e2nicos. Os res\u00edduos recicl\u00e1veis devem ser lavados e secados antes de armazenar. Fazer sua empresa crescer com sustentabilidade e ser reconhecida por sua responsabilidade social e ambiental s\u00e3o nossos objetivos. Para isso, a coleta dos res\u00edduos recicl\u00e1veis \u00e9 realizada por profissionais treinados e ve\u00edculos licenciados.<\/p>\n<p>O processo de coleta de res\u00edduos recicl\u00e1veis possui um r\u00edgido controle documental em todas as etapas, desde sua origem at\u00e9 a disposi\u00e7\u00e3o final, a fim de promover os servi\u00e7os de gerenciamento de res\u00edduos com excel\u00eancia.<\/p>\n<p>Somos especialistas em solu\u00e7\u00f5es integradas para dar o destino adequado ao lixo gerado, cujo objetivo \u00e9 reduzir o impacto negativo causado ao meio ambiente e proporcionar para sua empresa seguran\u00e7a e a adequa\u00e7\u00e3o as normas no gerenciamento de diversos res\u00edduos gerados em sua empresa[\/vc_column_text][\/vc_column][\/vc_row][vc_row][vc_column][vc_column_text]<\/p>\n<h2>COLETA DE RES\u00cdDUOS N\u00c3O PERIGOSOS (Classe II)<\/h2>\n<p>&nbsp;<\/p>\n<p><img loading=\"lazy\" class=\" wp-image-1021 alignleft\" src=\"http:\/\/ambientalintegra.com.br\/site\/wp-content\/uploads\/2020\/11\/img2-300x240.jpg\" alt=\"\" width=\"428\" height=\"371\" \/><\/p>\n<p>Um dos servi\u00e7os realizados pela <strong>Integra Servi\u00e7os Ambientais<\/strong>, est\u00e1 a coleta e o transporte de res\u00edduos n\u00e3o perigosos.<\/p>\n<p><strong>\u00a0<\/strong><\/p>\n<p>Os res\u00edduos <u>n\u00e3o perigosos<\/u> possuem diferentes caracter\u00edsticas e s\u00e3o classificados de acordo com suas propriedades f\u00edsicas, qu\u00edmicas ou infectocontagiosas, podendo apresentar risco \u00e0 sa\u00fade p\u00fablica e ao meio ambiente, quando manuseado ou destinado de forma inadequada.[\/vc_column_text][vc_column_text]Conforme a Norma NBR n\u00ba 10.004, os res\u00edduos n\u00e3o perigosos est\u00e3o divididos em n\u00e3o inertes (Classe II A) e os inertes (Classe II B).<\/p>\n<p><strong>CLASSE II A (N\u00c3O INERTES):\u00a0<\/strong><\/p>\n<p>Res\u00edduos que n\u00e3o possuem os aspectos de periculosidade, podendo apresentar caracter\u00edsticas de combust\u00e3o, biodegradabilidade e solubilidade em \u00e1gua.<\/p>\n<p>Exemplo: pap\u00e9is, materiais org\u00e2nicos, lamas de sistemas de tratamento de \u00e1guas, res\u00edduos provenientes de limpeza de caldeiras e lodos provenientes de filtros &#8211; prensas.<\/p>\n<p><strong>CLASSE II B (INERTES):\u00a0<\/strong><\/p>\n<p>N\u00e3o se enquadram nem na Classe I (perigosos), nem na Classe II A (n\u00e3o inertes). S\u00e3o aqueles que, uma vez submetidos a testes de solubiliza\u00e7\u00e3o, n\u00e3o apresentam nenhum de seus constituintes solubilizados em concentra\u00e7\u00f5es superiores aos padr\u00f5es de potabilidade da \u00e1gua. Em resumo, a \u00e1gua continua pot\u00e1vel quando em contato com eles.<\/p>\n<p>Exemplo: entulhos, sucata de ferro e a\u00e7o.[\/vc_column_text][\/vc_column][\/vc_row][vc_row][vc_column][vc_column_text]<\/p>\n<h2>Coleta de Res\u00edduos S\u00f3lidos Urbanos<\/h2>\n<p><img loading=\"lazy\" class=\" wp-image-1017 alignright\" src=\"http:\/\/ambientalintegra.com.br\/site\/wp-content\/uploads\/2020\/11\/img1-300x260.jpg\" alt=\"\" width=\"428\" height=\"371\" srcset=\"https:\/\/ambientalintegra.com.br\/site\/wp-content\/uploads\/2020\/11\/img1-300x260.jpg 300w, https:\/\/ambientalintegra.com.br\/site\/wp-content\/uploads\/2020\/11\/img1.jpg 601w\" sizes=\"(max-width: 428px) 100vw, 428px\" \/><\/p>\n<p>A coleta de res\u00edduos s\u00f3lidos \u00e9 tamb\u00e9m um dos servi\u00e7os oferecido pela <strong>Integra Servi\u00e7os Ambientais<\/strong>, por meio de ve\u00edculos pr\u00f3prios e licenciados.<\/p>\n<p>No processo de coleta de res\u00edduos s\u00f3lidos urbanos podem ser\u00a0encontrados diversos res\u00edduos como:<\/p>\n<ul>\n<li>Mat\u00e9ria org\u00e2nica: restos de comida.<\/li>\n<li>Pap\u00e9is e\/ou papel\u00e3o como: jornais, revistas, caixas, embalagens de diferentes tamanhos.<\/li>\n<li>Pl\u00e1sticos como: garrafas pet, frascos, embalagens de alimentos.<\/li>\n<li>Metais como latas de bebidas<\/li>\n<li>Outros materiais como: tecidos, alguns tipos de \u00f3leos, eletrodom\u00e9sticos e eletr\u00f4nicos inutilizados.<\/li>\n<\/ul>\n<p>[\/vc_column_text][vc_column_text]Acreditamos na qualidade do servi\u00e7o dos profissionais, aproveitando o potencial humano, o conhecimento e os valores \u00e9ticos e morais de cada colaborador, que comp\u00f5e a nossa equipe.<\/p>\n<p>O processo de coleta de res\u00edduos s\u00f3lidos urbanos possui um r\u00edgido controle documental em todas as etapas, desde sua origem at\u00e9 a disposi\u00e7\u00e3o final, a fim de promover os servi\u00e7os de gerenciamento de res\u00edduos com excel\u00eancia.<\/p>\n<p>Possu\u00edmos uma estrutura pr\u00f3pria, m\u00e3o de obra profissional e equipamento de alta performance para coleta, al\u00e9m de estarmos em constante atualiza\u00e7\u00e3o, proporcionando qualidade de vida aos seus clientes, colaboradores e sociedade.[\/vc_column_text][\/vc_column][\/vc_row][vc_row][vc_column][vc_column_text]<\/p>\n<h2>Coleta de Res\u00edduos Eletr\u00f4nicos<\/h2>\n<p>&nbsp;<\/p>\n<p><img loading=\"lazy\" class=\" wp-image-1021 alignleft\" src=\"http:\/\/ambientalintegra.com.br\/site\/wp-content\/uploads\/2020\/11\/img2-300x240.jpg\" alt=\"\" width=\"428\" height=\"371\" \/><\/p>\n<p>A coleta de res\u00edduos eletr\u00f4nicos tamb\u00e9m \u00e9 uma das premissas dos servi\u00e7os oferecidos pela <strong>Integra Servi\u00e7os Ambientais.<\/strong><\/p>\n<p>A velocidade no avan\u00e7o das tecnologias e a crescente demanda por aparelhos eletr\u00f4nicos resultam na cria\u00e7\u00e3o de um grande volume de lixo eletr\u00f4nico. Este lixo \u00e9 composto principalmente por pe\u00e7as n\u00e3o biodegrad\u00e1veis e at\u00e9 mesmo materiais t\u00f3xicos.[\/vc_column_text][vc_column_text]Uma das vantagens do correto descarte de res\u00edduos eletroeletr\u00f4nicos est\u00e1 relacionada aos componentes em bom estado de funcionamento que s\u00e3o encaminhados para recondicionamento. Esses componentes s\u00e3o descaracterizados e podem receber diversas destina\u00e7\u00f5es:<\/p>\n<ul>\n<li>Podem ser revendidos,<\/li>\n<li>Reutilizados para manuten\u00e7\u00e3o dos produtos tecnol\u00f3gicos da empresa propriet\u00e1ria,<\/li>\n<li>Utilizados na montagem de novos equipamentos<\/li>\n<\/ul>\n<p>Proporcionar um excelente servi\u00e7o aos seus clientes \u00e9 a nossa miss\u00e3o. Realizamos o gerenciamento de res\u00edduos de acordo com a legisla\u00e7\u00e3o em vigor, contribuindo para a preserva\u00e7\u00e3o do meio ambiente e conforto humano.[\/vc_column_text][\/vc_column][\/vc_row][vc_row][vc_column][vc_column_text]<\/p>\n<h2>Transporte de Res\u00edduos<\/h2>\n<p><img loading=\"lazy\" class=\" wp-image-1017 alignright\" src=\"http:\/\/ambientalintegra.com.br\/site\/wp-content\/uploads\/2020\/11\/img1-300x260.jpg\" alt=\"\" width=\"428\" height=\"371\" srcset=\"https:\/\/ambientalintegra.com.br\/site\/wp-content\/uploads\/2020\/11\/img1-300x260.jpg 300w, https:\/\/ambientalintegra.com.br\/site\/wp-content\/uploads\/2020\/11\/img1.jpg 601w\" sizes=\"(max-width: 428px) 100vw, 428px\" \/><\/p>\n<p>O processo de Transporte oferecido pela <strong>Integra Servi\u00e7os Ambientais<\/strong> \u00e9 o nosso diferencial sendo realizado meio de ve\u00edculos pr\u00f3prios e licenciados.<\/p>\n<p>&nbsp;<\/p>\n<p>Prover solu\u00e7\u00f5es sustent\u00e1veis customizadas para cada cliente requer acompanhamento ambiental cont\u00ednuo, tornando a empresa 100% licenciada pelos \u00f3rg\u00e3os ambientais, aliado \u00e0 aplica\u00e7\u00e3o de um r\u00edgido controle ambiental em sua opera\u00e7\u00e3o. Para isso, a coleta dos res\u00edduos \u00e9 realizada por profissionais treinados e ve\u00edculos licenciados.[\/vc_column_text][\/vc_column][\/vc_row][vc_row][vc_column][vc_column_text]<\/p>\n<h2>Destrui\u00e7\u00e3o de Documentos Confidenciais<\/h2>\n<p>&nbsp;<\/p>\n<p><img loading=\"lazy\" class=\" wp-image-1021 alignleft\" src=\"http:\/\/ambientalintegra.com.br\/site\/wp-content\/uploads\/2020\/11\/img2-300x240.jpg\" alt=\"\" width=\"428\" height=\"371\" \/><\/p>\n<p>A <strong>Integra Servi\u00e7os Ambientais<\/strong>, dentre os seus servi\u00e7os prestados, est\u00e1 o a destrui\u00e7\u00e3o de documentos confidenciais.<\/p>\n<p>&nbsp;<\/p>\n<p>As empresas acumulam muitos documentos com dados sigilosos. O descarte desses documentos \u00e9 necess\u00e1rio, j\u00e1 que eles podem ocupar bastante espa\u00e7o nos ambientes de trabalho, gerando custos extras de armazenamento e manuten\u00e7\u00e3o, al\u00e9m de dificultar o acesso \u00e0s novas documenta\u00e7\u00f5es.[\/vc_column_text][vc_column_text]A <strong>destrui\u00e7\u00e3o de documentos sigilosos<\/strong> \u00e9 realizada com procedimentos de alta seguran\u00e7a, passando pela classifica\u00e7\u00e3o e fragmenta\u00e7\u00e3o dos materiais recolhidos, de acordo com os prazos de arquivamento e normas institu\u00eddas para o processo de fragmenta\u00e7\u00e3o.<\/p>\n<p>Dessa forma, evita-se problemas relacionados \u00e0 reputa\u00e7\u00e3o da empresa, evitando tamb\u00e9m a exposi\u00e7\u00e3o desnecess\u00e1ria da marca do cliente.[\/vc_column_text][\/vc_column][\/vc_row]<\/p>\n","protected":false},"excerpt":{"rendered":"<p>[vc_row full_width=&#8221;stretch_row&#8221; css=&#8221;.vc_custom_1603283082476{margin-top: 0px !important;padding-top: 20px !important;}&#8221;][vc_column][vc_column_text] SERVI\u00c7OS Os servi\u00e7os desenvolvidos pela INTEGRA AMBIENTAL contribuem&#8230;<\/p>\n","protected":false},"author":1,"featured_media":0,"parent":0,"menu_order":0,"comment_status":"closed","ping_status":"closed","template":"","meta":[],"_links":{"self":[{"href":"https:\/\/ambientalintegra.com.br\/site\/wp-json\/wp\/v2\/pages\/1014"}],"collection":[{"href":"https:\/\/ambientalintegra.com.br\/site\/wp-json\/wp\/v2\/pages"}],"about":[{"href":"https:\/\/ambientalintegra.com.br\/site\/wp-json\/wp\/v2\/types\/page"}],"author":[{"embeddable":true,"href":"https:\/\/ambientalintegra.com.br\/site\/wp-json\/wp\/v2\/users\/1"}],"replies":[{"embeddable":true,"href":"https:\/\/ambientalintegra.com.br\/site\/wp-json\/wp\/v2\/comments?post=1014"}],"version-history":[{"count":11,"href":"https:\/\/ambientalintegra.com.br\/site\/wp-json\/wp\/v2\/pages\/1014\/revisions"}],"predecessor-version":[{"id":1027,"href":"https:\/\/ambientalintegra.com.br\/site\/wp-json\/wp\/v2\/pages\/1014\/revisions\/1027"}],"wp:attachment":[{"href":"https:\/\/ambientalintegra.com.br\/site\/wp-json\/wp\/v2\/media?parent=1014"}],"curies":[{"name":"wp","href":"https:\/\/api.w.org\/{rel}","templated":true}]}}